{"id":1050,"date":"2023-02-18T14:01:21","date_gmt":"2023-02-18T12:01:21","guid":{"rendered":"http:\/\/3ndai.de\/?page_id=1050"},"modified":"2026-03-26T01:32:14","modified_gmt":"2026-03-25T23:32:14","slug":"home","status":"publish","type":"page","link":"https:\/\/3ndai.de\/en\/","title":{"rendered":"ABOUT US"},"content":{"rendered":"<section class=\"wpb-content-wrapper\"><div class=\"vc_row wpb_row vc_row-fluid vc_row-o-equal-height vc_row-o-content-top vc_row-flex\"><div class=\"wpb_column vc_column_container vc_col-sm-12\"><div class=\"vc_column-inner vc_custom_1686170881393\"><div class=\"wpb_wrapper\"><div class=\"sc_content content_wrap scheme_original\"><h4 class=\"sc_title sc_title_regular\"><\/p>\n<h2 style=\"text-align: center;\"><strong>ABOUT US<\/strong><\/h2>\n<p><\/h4><h4 class=\"sc_title sc_title_regular\">3NDAI GmbH is an innovative telecommunications company based in D\u00fcsseldorf, Germany, <em>and Graz, Austria.<\/em>. Mit \u00fcber 13 Jahren Erfahrung in der Leitung von Telekommunikationsprojekten setzen wir stets die h\u00f6chsten Qualit\u00e4tsstandards um. Unsere Expertise basiert auf internationaler Gesch\u00e4ftserfahrung bei namhaften Unternehmen wie Deutsche Glasfaser, A1, ZTE, Ericsson, NSN, Huawei und Vodafone.<\/p>\n<p>Our primary goal is to provide our customers with qualified, secure, fast, and innovative business solutions. We place great importance on the adaptability of our experienced teams and management teams to regional, geographical, and security conditions.<\/h4><h4 class=\"sc_title sc_title_regular\">At 3NDAI GmbH, quality, customer engagement, and service delivery are at the core of our company philosophy. Our services include network planning, implementation, maintenance, and optimization. We strive to offer the latest and best solutions by continuously developing our technologies. Our experienced employees work closely with our customers to develop tailored solutions for their specific requirements and ensure excellent service.<\/p>\n<p>We operate in Germany and focus on three main business areas: mobile network solutions, fixed network solutions, and AI solutions. Our services are available to both telecommunications companies in the fixed-line and mobile sectors.<\/h4><h4 class=\"sc_title sc_title_regular\">At 3NDAI GmbH, we believe in close collaboration with our customers as the key to success. We understand their needs and develop innovative solutions to give them a competitive edge and drive their business forward. Our dedicated team is available at all times to provide professional support.<\/p>\n<p>Learn more about our services and contact us for further information. We look forward to helping you successfully implement your telecommunications projects and advance your business.<\/h4><\/div><div class=\"vc_empty_space\"   style=\"height: 58px\"><span class=\"vc_empty_space_inner\"><\/span><\/div><\/div><\/div><\/div><\/div><div class=\"vc_row wpb_row vc_row-fluid\"><div class=\"wpb_column vc_column_container vc_col-sm-12\"><div class=\"vc_column-inner vc_custom_1679730898979\"><div class=\"wpb_wrapper\"><div class=\"sc_content content_wrap\"><div class=\"columns_wrap sc_columns columns_nofluid no_margins dark_section_columns sc_columns_count_3\"><div class=\"column-1_3 sc_column_item sc_column_item_1 odd first\" style=\"home_boxed_production_desccolor:rgba(255,255,255,0.78);\"><div class=\"sc_column_item_inner\" style=\"background-color:rgba(244,244,244,0.4);\"><h4 class=\"sc_title sc_title_regular\" style=\"color:#000000;\"><strong>Mobile Network Solution<\/strong><\/h4><a href=\"\/services\/mobile-network-solutions\/\" class=\"sc_button sc_button_square sc_button_style_filled sc_button_bg_color_style_bg_style1 sc_button_size_small\" style=\"margin-top:1.914em;margin-left:20px;\">Learn More<\/a><\/div><\/div><div class=\"column-1_3 sc_column_item sc_column_item_2 even\" style=\"home_boxed_production_desc\"><div class=\"sc_column_item_inner\" style=\"background-color:rgba(244,244,244,0.4);\"><h4 class=\"sc_title sc_title_regular\" style=\"color:#000000;\"><b>Fixed Network Solution<\/b><\/h4><a href=\"\/services\/fixed-network-solutions\/\" class=\"sc_button sc_button_square sc_button_style_filled sc_button_bg_color_style_bg_style1 sc_button_size_small\" style=\"margin-top:1.914em;margin-left:20px;\">Learn More<\/a><\/div><\/div><div class=\"column-1_3 sc_column_item sc_column_item_3 odd\"><div class=\"sc_column_item_inner\" style=\"background-color:rgba(244,244,244,0.4);\"><h4 class=\"sc_title sc_title_regular\" style=\"margin-left:20px;color:#000000;\"><strong>AI Solution<\/strong><\/h4><a href=\"\/services\/ai-solution\/\" class=\"sc_button sc_button_square sc_button_style_filled sc_button_bg_color_style_bg_style1 sc_button_size_small\" style=\"margin-top:1.914em;margin-left:20px;\">Learn More<\/a><\/div><\/div><\/div><\/div><div class=\"vc_empty_space\"   style=\"height: 58px\"><span class=\"vc_empty_space_inner\"><\/span><\/div><\/div><\/div><\/div><\/div><div data-vc-parallax=\"1.5\" class=\"vc_row wpb_row vc_row-fluid vc_row-has-fill vc_general vc_parallax vc_parallax-content-moving\"><div class=\"wpb_column vc_column_container vc_col-sm-12\"><div class=\"vc_column-inner\"><div class=\"wpb_wrapper\"><!-- #TRX_GAP_START# --><div class=\"sc_parallax sc_parallax_reverse_no\" style=\"color:#000000;\" data-parallax-speed=\"0.3\" data-parallax-x-pos=\"50%\" data-parallax-y-pos=\"50%\"><div class=\"sc_parallax_content\" style=\"background-image:url(https:\/\/3ndai.de\/wp-content\/uploads\/2023\/03\/BG-1.png); background-position:50% 50%;\"><div class=\"sc_parallax_overlay texture_bg_11\" style=\"background-color:rgba(255,255,255,0.2);\" data-overlay=\"0.2\" data-bg_color=\"#ffffff\"><div class=\"sc_content content_wrap scheme_original\"><div class=\"vc_empty_space\"   style=\"height: 2.8571em\"><span class=\"vc_empty_space_inner\"><\/span><\/div><div id=\"sc_skills_diagram_1137171011\" class=\"sc_skills sc_skills_bar sc_skills_horizontal\" style=\"margin-top:3em;margin-bottom:3em;\" data-type=\"bar\" data-caption=\"Skills\" data-dir=\"horizontal\"><h2 class=\"sc_skills_title sc_item_title\">Our Achievements<\/h2><div class=\"sc_skills_descr sc_item_descr\">We are experienced in management of Telecom projects from Conceptualization to Implementation while maintaining The Highest Standards Of Quality, Involving Client Engagement and Service Delivery<\/div><\/div><div class=\"vc_empty_space\"   style=\"height: 4.15em\"><span class=\"vc_empty_space_inner\"><\/span><\/div><\/div><\/div><\/div><\/div><!-- #TRX_GAP_END# --><\/div><\/div><\/div><\/div><div data-vc-full-width=\"true\" data-vc-full-width-init=\"false\" data-vc-stretch-content=\"true\" class=\"vc_row wpb_row vc_row-fluid vc_row-no-padding\"><div class=\"wpb_column vc_column_container vc_col-sm-12 vc_col-has-fill\"><div class=\"vc_column-inner vc_custom_1685999922778\"><div class=\"wpb_wrapper\"><div class=\"sc_section sc_section_reverse_no\" style=\"background-color:#f7f7f7;\"><div class=\"sc_section_inner\"><div class=\"sc_section_overlay\" style=\"\"><div class=\"sc_section_content padding_on\" style=\"\"><div class=\"sc_content content_wrap scheme_original\"><div class=\"vc_empty_space\"   style=\"height: 1.9286em\"><span class=\"vc_empty_space_inner\"><\/span><\/div><div id=\"sc_clients_1029720823_wrap\" class=\"sc_clients_wrap\"><div id=\"sc_clients_1029720823\" class=\"sc_clients sc_clients_style_clients-1  sc_slider_pagination sc_slider_pagination_bottom sc_slider_nocontrols sc_slider_swiper swiper-slider-container\" data-interval=\"9348\" data-slides-per-view=\"5\" style=\"margin-top:3em;margin-bottom:3em;width:100%;\"><h2 class=\"sc_clients_title sc_item_title\">Our Clients<\/h2><div class=\"sc_clients_descr sc_item_descr\">Erfahrung in internationalen Gesch\u00e4ftsunternehmen bei Deutsche Galsfaser, Ericsson, NSN, Huawei, Nokia, Vodafone seit mehr als 13 Jahren<\/div><div class=\"slides swiper-wrapper\"><div class=\"swiper-slide\" data-style=\"width:100%;\" style=\"width:100%;\">\t\t\t<div id=\"sc_clients_1029720823_1\" class=\"sc_clients_item sc_clients_item_1 odd first\">\n\t\t\t\t\t\t\t\t<div class=\"sc_client_image\"><img decoding=\"async\" class=\"wp-post-image\" alt=\"A1_red_logo.png\" src=\"https:\/\/3ndai.de\/wp-content\/uploads\/2024\/03\/A1_red_logo.png\"><\/div>\n\t\t\t\t\t\t\t<\/div>\n\t\t<\/div><div class=\"swiper-slide\" data-style=\"width:100%;\" style=\"width:100%;\">\t\t\t<div id=\"sc_clients_1029720823_2\" class=\"sc_clients_item sc_clients_item_2 even\">\n\t\t\t\t\t\t\t\t<div class=\"sc_client_image\"><img decoding=\"async\" class=\"wp-post-image\" alt=\"Vodafone-logo.png\" src=\"https:\/\/3ndai.de\/wp-content\/uploads\/2024\/03\/Vodafone-logo.png\"><\/div>\n\t\t\t\t\t\t\t<\/div>\n\t\t<\/div><div class=\"swiper-slide\" data-style=\"width:100%;\" style=\"width:100%;\">\t\t\t<div id=\"sc_clients_1029720823_3\" class=\"sc_clients_item sc_clients_item_3 odd\">\n\t\t\t\t\t\t\t\t<div class=\"sc_client_image\"><img decoding=\"async\" class=\"wp-post-image\" alt=\"ericsson-logo.png\" src=\"https:\/\/3ndai.de\/wp-content\/uploads\/2024\/03\/ericsson-logo.png\"><\/div>\n\t\t\t\t\t\t\t<\/div>\n\t\t<\/div><div class=\"swiper-slide\" data-style=\"width:100%;\" style=\"width:100%;\">\t\t\t<div id=\"sc_clients_1029720823_4\" class=\"sc_clients_item sc_clients_item_4 even\">\n\t\t\t\t\t\t\t\t<div class=\"sc_client_image\"><img decoding=\"async\" class=\"wp-post-image\" alt=\"Huawei-Logo-2006-1024x576-1.png\" src=\"https:\/\/3ndai.de\/wp-content\/uploads\/2024\/03\/Huawei-Logo-2006-1024x576-1.png\"><\/div>\n\t\t\t\t\t\t\t<\/div>\n\t\t<\/div><div class=\"swiper-slide\" data-style=\"width:100%;\" style=\"width:100%;\">\t\t\t<div id=\"sc_clients_1029720823_5\" class=\"sc_clients_item sc_clients_item_5 odd\">\n\t\t\t\t\t\t\t\t<div class=\"sc_client_image\"><img decoding=\"async\" class=\"wp-post-image\" alt=\"Nokia-Siemens-Networks-Logo-Vector.svg-.png\" src=\"https:\/\/3ndai.de\/wp-content\/uploads\/2024\/03\/Nokia-Siemens-Networks-Logo-Vector.svg-.png\"><\/div>\n\t\t\t\t\t\t\t<\/div>\n\t\t<\/div><div class=\"swiper-slide\" data-style=\"width:100%;\" style=\"width:100%;\">\t\t\t<div id=\"sc_clients_1029720823_6\" class=\"sc_clients_item sc_clients_item_6 even\">\n\t\t\t\t\t\t\t\t<div class=\"sc_client_image\"><img decoding=\"async\" class=\"wp-post-image\" alt=\"hd-nokia-official.png\" src=\"https:\/\/3ndai.de\/wp-content\/uploads\/2026\/03\/hd-nokia-official.png\"><\/div>\n\t\t\t\t\t\t\t<\/div>\n\t\t<\/div><div class=\"swiper-slide\" data-style=\"width:100%;\" style=\"width:100%;\">\t\t\t<div id=\"sc_clients_1029720823_7\" class=\"sc_clients_item sc_clients_item_7 odd\">\n\t\t\t\t\t\t\t<\/div>\n\t\t<\/div><div class=\"swiper-slide\" data-style=\"width:100%;\" style=\"width:100%;\">\t\t\t<div id=\"sc_clients_1029720823_8\" class=\"sc_clients_item sc_clients_item_8 even\">\n\t\t\t\t\t\t\t<\/div>\n\t\t<\/div><\/div><div class=\"sc_slider_controls_wrap\"><a class=\"sc_slider_prev\" href=\"#\"><\/a><a class=\"sc_slider_next\" href=\"#\"><\/a><\/div><div class=\"sc_slider_pagination_wrap\"><\/div><\/div><!-- \/.sc_clients --><\/div><!-- \/.sc_clients_wrap --><div class=\"vc_empty_space\"   style=\"height: 3.2857em\"><span class=\"vc_empty_space_inner\"><\/span><\/div><\/div><\/div><\/div><\/div><\/div><div class=\"vc_empty_space\"   style=\"height: 3.2857em\"><span class=\"vc_empty_space_inner\"><\/span><\/div><\/div><\/div><\/div><div class=\"wpb_column vc_column_container vc_col-sm-12\"><div class=\"vc_column-inner\"><div class=\"wpb_wrapper\"><\/div><\/div><\/div><\/div><div class=\"vc_row-full-width vc_clearfix\"><\/div>\n<\/section>","protected":false},"excerpt":{"rendered":"\u00dcBER UNS 3NDAI GmbH ist ein innovatives Telekommunikationsunternehmen mit Sitz in D\u00fcsseldorf Deutschland und\u00a0 Graz \u00d6sterreich. Mit \u00fcber 13 Jahren Erfahrung in der Leitung von Telekommunikationsprojekten setzen wir stets die [...]","protected":false},"author":1,"featured_media":0,"parent":0,"menu_order":0,"comment_status":"open","ping_status":"open","template":"","meta":{"_monsterinsights_skip_tracking":false,"_monsterinsights_sitenote_active":false,"_monsterinsights_sitenote_note":"","_monsterinsights_sitenote_category":0,"footnotes":""},"_links":{"self":[{"href":"https:\/\/3ndai.de\/en\/wp-json\/wp\/v2\/pages\/1050"}],"collection":[{"href":"https:\/\/3ndai.de\/en\/wp-json\/wp\/v2\/pages"}],"about":[{"href":"https:\/\/3ndai.de\/en\/wp-json\/wp\/v2\/types\/page"}],"author":[{"embeddable":true,"href":"https:\/\/3ndai.de\/en\/wp-json\/wp\/v2\/users\/1"}],"replies":[{"embeddable":true,"href":"https:\/\/3ndai.de\/en\/wp-json\/wp\/v2\/comments?post=1050"}],"version-history":[{"count":281,"href":"https:\/\/3ndai.de\/en\/wp-json\/wp\/v2\/pages\/1050\/revisions"}],"predecessor-version":[{"id":2885,"href":"https:\/\/3ndai.de\/en\/wp-json\/wp\/v2\/pages\/1050\/revisions\/2885"}],"wp:attachment":[{"href":"https:\/\/3ndai.de\/en\/wp-json\/wp\/v2\/media?parent=1050"}],"curies":[{"name":"wp","href":"https:\/\/api.w.org\/{rel}","templated":true}]}}