{"id":396,"date":"2015-06-03T12:24:40","date_gmt":"2015-06-03T10:24:40","guid":{"rendered":"http:\/\/trex2.dev.themerex.net\/?page_id=396"},"modified":"2026-03-06T00:05:38","modified_gmt":"2026-03-05T22:05:38","slug":"impressum2","status":"publish","type":"page","link":"https:\/\/3ndai.de\/en\/impressum2\/","title":{"rendered":"Impressum."},"content":{"rendered":"<section class=\"wpb-content-wrapper\"><div class=\"vc_row wpb_row vc_row-fluid\"><div class=\"wpb_column vc_column_container vc_col-sm-12\"><div class=\"vc_column-inner\"><div class=\"wpb_wrapper\">\n\t<div class=\"wpb_text_column wpb_content_element\" >\n\t\t<div class=\"wpb_wrapper\">\n\t\t\t<p>3NDAI GmbH<\/p>\n<p>Gesch\u00e4ftsf\u00fchrer: Anna Grec<\/p>\n<address class=\"address_left\">Prinzenallee 7<\/address>\n<p>40549 D\u00fcsseldorf<\/p>\n<p>&nbsp;<\/p>\n<p>Finanzamt D\u00fcsseldorf-Altstadt<\/p>\n<p>Steuer-Nr. : 103\/5790\/3413<\/p>\n<p>USt-IdNr. : DE359698849<\/p>\n<p>&nbsp;<\/p>\n<p>E-Mail:info[@]3ndai.de<\/p>\n<p>Telefon: 0211 15819349<\/p>\n<p>&nbsp;<\/p>\n<p>URHEBERRECHT<\/p>\n<p>Falls nicht anders angegeben, unterliegen alle Seiten dieses Webangebots dem Urheberrecht (Copyright). Dies gilt insbesondere f\u00fcr Texte, Bilder, Grafiken und Style-Dateien, einschlie\u00dflich deren Anordnung auf den Webseiten.<\/p>\n<p>Eine Vervielf\u00e4ltigung oder Verwendung von Webseiten (oder von Teilen daraus) in anderen elektronischen oder gedruckten Publikationen und deren Ver\u00f6ffentlichung (auch im Internet) ist nur nach vorheriger Genehmigung gestattet.<\/p>\n<p>Weiterhin k\u00f6nnen Bilder, Grafiken, Text- oder sonstige Dateien ganz oder teilweise dem Urheberrecht Dritter unterliegen.<\/p>\n<p>Alle innerhalb des Internetangebots genannten und ggf. durch Dritte gesch\u00fctzten Marken- und Warenzeichen unterliegen uneingeschr\u00e4nkt den Bestimmungen des jeweils g\u00fcltigen Kennzeichenrechts und den Besitzrechten der jeweiligen eingetragenen Eigent\u00fcmer. Allein aufgrund der blo\u00dfen Nennung in unserem Internetangebot ist nicht der Schluss zu ziehen, dass Markenzeichen nicht durch Rechte Dritter gesch\u00fctzt sind.<\/p>\n<p>&nbsp;<\/p>\n<p>HAFTUNGSAUSSCHLUSS<\/p>\n<p>Der Autor hat alle in seinem Bereich bereitgestellten Informationen nach bestem Wissen und Gewissen erarbeitet und gepr\u00fcft. Jedoch \u00fcbernimmt der Autor keinerlei Gew\u00e4hr f\u00fcr die Aktualit\u00e4t, Korrektheit, Vollst\u00e4ndigkeit oder Qualit\u00e4t der bereitgestellten Informationen. Haftungsanspr\u00fcche gegen den Autor, welche sich auf Sch\u00e4den materieller oder ideeller Art beziehen, die durch die Nutzung oder Nichtnutzung der dargebotenen Informationen bzw. durch die Nutzung fehlerhafter und unvollst\u00e4ndiger Informationen verursacht wurden, sind grunds\u00e4tzlich ausgeschlossen, sofern seitens des Autors kein nachweislich vors\u00e4tzliches oder grob fahrl\u00e4ssiges Verschulden vorliegt.<\/p>\n<p>Alle Angebote sind freibleibend und unverbindlich. Der Autor beh\u00e4lt es sich ausdr\u00fccklich vor, Teile der Seiten oder das gesamte Angebot ohne gesonderte Ank\u00fcndigung zu ver\u00e4ndern, zu erg\u00e4nzen, zu l\u00f6schen oder die Ver\u00f6ffentlichung zeitweise oder endg\u00fcltig einzustellen.<\/p>\n\n\t\t<\/div>\n\t<\/div>\n<\/div><\/div><\/div><\/div>\n<\/section>","protected":false},"excerpt":{"rendered":"3NDAI GmbH Gesch\u00e4ftsf\u00fchrer: Anna Grec Prinzenallee 7 40549 D\u00fcsseldorf &nbsp; Finanzamt D\u00fcsseldorf-Altstadt Steuer-Nr. : 103\/5790\/3413 USt-IdNr. : DE359698849 &nbsp; E-Mail:info[@]3ndai.de Telefon: 0211 15819349 &nbsp; URHEBERRECHT Falls nicht anders angegeben, unterliegen [...]","protected":false},"author":1,"featured_media":0,"parent":0,"menu_order":0,"comment_status":"closed","ping_status":"closed","template":"","meta":{"_monsterinsights_skip_tracking":false,"_monsterinsights_sitenote_active":false,"_monsterinsights_sitenote_note":"","_monsterinsights_sitenote_category":0,"footnotes":""},"_links":{"self":[{"href":"https:\/\/3ndai.de\/en\/wp-json\/wp\/v2\/pages\/396"}],"collection":[{"href":"https:\/\/3ndai.de\/en\/wp-json\/wp\/v2\/pages"}],"about":[{"href":"https:\/\/3ndai.de\/en\/wp-json\/wp\/v2\/types\/page"}],"author":[{"embeddable":true,"href":"https:\/\/3ndai.de\/en\/wp-json\/wp\/v2\/users\/1"}],"replies":[{"embeddable":true,"href":"https:\/\/3ndai.de\/en\/wp-json\/wp\/v2\/comments?post=396"}],"version-history":[{"count":9,"href":"https:\/\/3ndai.de\/en\/wp-json\/wp\/v2\/pages\/396\/revisions"}],"predecessor-version":[{"id":2867,"href":"https:\/\/3ndai.de\/en\/wp-json\/wp\/v2\/pages\/396\/revisions\/2867"}],"wp:attachment":[{"href":"https:\/\/3ndai.de\/en\/wp-json\/wp\/v2\/media?parent=396"}],"curies":[{"name":"wp","href":"https:\/\/api.w.org\/{rel}","templated":true}]}}