{"id":970,"date":"2015-08-17T14:54:20","date_gmt":"2015-08-17T14:54:20","guid":{"rendered":"http:\/\/3ndai.de\/?page_id=970"},"modified":"2025-03-14T20:09:12","modified_gmt":"2025-03-14T18:09:12","slug":"our-projects","status":"publish","type":"page","link":"https:\/\/3ndai.de\/en\/our-projects\/","title":{"rendered":"PROJECTS"},"content":{"rendered":"<section class=\"wpb-content-wrapper\"><div class=\"vc_row wpb_row vc_row-fluid vc_custom_1685995369149 vc_row-has-fill vc_column-gap-1 vc_row-o-content-top vc_row-flex\"><div data-vc-parallax=\"1.5\" data-vc-parallax-o-fade=\"on\" class=\"wpb_column vc_column_container vc_col-sm-12 vc_col-has-fill vc_general vc_parallax vc_parallax-content-moving-fade js-vc_parallax-o-fade\"><div class=\"vc_column-inner\"><div class=\"wpb_wrapper\"><div class=\"sc_parallax sc_parallax_reverse_yes\" style=\"color:#ffffff;\" data-parallax-speed=\"0.3\" data-parallax-x-pos=\"100%\" data-parallax-y-pos=\"50%\"><div class=\"sc_parallax_content\" style=\"\"><div class=\"sc_parallax_overlay\" style=\"background-color:rgba(0,0,0,0.5);\" data-overlay=\"0.5\" data-bg_color=\"\"><div class=\"sc_content content_wrap\">\n\t<div class=\"wpb_text_column wpb_content_element\" >\n\t\t<div class=\"wpb_wrapper\">\n\t\t\t\n\t\t<\/div>\n\t<\/div>\n<\/div><\/div><\/div><\/div><\/div><\/div><\/div><\/div><div class=\"vc_row wpb_row vc_row-fluid vc_rtl-columns-reverse vc_row-o-full-height vc_row-o-columns-middle vc_row-o-equal-height vc_row-flex\"><div class=\"wpb_column vc_column_container vc_col-sm-12\"><div class=\"vc_column-inner\"><div class=\"wpb_wrapper\"><div class=\"vc_empty_space\"   style=\"height: 7.9286em\"><span class=\"vc_empty_space_inner\"><\/span><\/div><div id=\"sc_blogger_734915258\" class=\"sc_blogger layout_masonry_3 template_masonry  sc_blogger_horizontal\"><h6 class=\"sc_blogger_subtitle sc_item_subtitle\">A FEW WORDS ABOUT<\/h6><h2 class=\"sc_blogger_title sc_item_title\">Our Projects<\/h2><div class=\"sc_blogger_descr sc_item_descr\">3NDAI has completed and delivered several Field Products and Applications<\/div><div class=\"isotope_wrap\" data-columns=\"3\">\t\t<div class=\"isotope_item isotope_item_masonry isotope_item_masonry_3 isotope_column_3\">\n\t\t\t<div class=\"post_item post_item_masonry post_item_masonry_3\t\t\t\t  post_format_standard odd\">\n\t\t\t\t\n\t\t\t\t\t\t\t\t\t<div class=\"post_featured\">\n\t\t\t\t\t\t\t\t\t\t\t\t<div class=\"post_thumb\" data-image=\"https:\/\/3ndai.de\/wp-content\/uploads\/2023\/03\/MobileNetworkStation2.png\" data-title=\"Mobilfunknetz-Referenzen\">\n\t\t\t\t\t\t<a class=\"hover_icon hover_icon_link\" href=\"https:\/\/3ndai.de\/en\/portfolio\/mobile-network-references\/\"><img decoding=\"async\" class=\"wp-post-image\" width=\"390\" alt=\"Mobilfunknetz-Referenzen\" src=\"https:\/\/3ndai.de\/wp-content\/uploads\/2023\/03\/MobileNetworkStation2-390x190.png\"><\/a>\t\t\t\t\t\t<\/div>\n\t\t\t\t\t\t\t\t\t\t\t<\/div>\n\t\t\t\t\n\t\t\t\t<div class=\"post_content isotope_item_content\">\n\t\t\t\t\t\n\t\t\t\t\t\t\t\t\t\t\t\t<h4 class=\"post_title\"><a href=\"https:\/\/3ndai.de\/en\/portfolio\/mobile-network-references\/\">Mobile Network References<\/a><\/h4>\n\t\t\t\t\t\t\t\n\t\t\t\t\t<div class=\"post_descr\">\n\t\t\t\t\t\t<p>3NDAI has a large suite of Mobile Network Field Product and Application as references (please click on the image to consult them)<\/p><a href=\"https:\/\/3ndai.de\/en\/portfolio\/mobile-network-references\/\" class=\"post_readmore\"><span class=\"post_readmore_label\">...<\/span><\/a>\t\t\t\t\t<\/div>\n\n\t\t\t\t<\/div>\t\t\t\t<!-- \/.post_content -->\n\t\t\t<\/div>\t<!-- \/.post_item -->\n\t\t<\/div>\t\t\t\t\t\t<!-- \/.isotope_item -->\n\t\t\t\t<div class=\"isotope_item isotope_item_masonry isotope_item_masonry_3 isotope_column_3\">\n\t\t\t<div class=\"post_item post_item_masonry post_item_masonry_3\t\t\t\t  post_format_standard even\">\n\t\t\t\t\n\t\t\t\t\t\t\t\t\t<div class=\"post_featured\">\n\t\t\t\t\t\t\t\t\t\t\t\t<div class=\"post_thumb\" data-image=\"https:\/\/3ndai.de\/wp-content\/uploads\/2023\/03\/FixedFiber6.png\" data-title=\"Glasfasernetz-Referenzen\">\n\t\t\t\t\t\t<a class=\"hover_icon hover_icon_link\" href=\"https:\/\/3ndai.de\/en\/portfolio\/fiber-optic-network-references\/\"><img decoding=\"async\" class=\"wp-post-image\" width=\"390\" alt=\"Glasfasernetz-Referenzen\" src=\"https:\/\/3ndai.de\/wp-content\/uploads\/2023\/03\/FixedFiber6-390x195.png\"><\/a>\t\t\t\t\t\t<\/div>\n\t\t\t\t\t\t\t\t\t\t\t<\/div>\n\t\t\t\t\n\t\t\t\t<div class=\"post_content isotope_item_content\">\n\t\t\t\t\t\n\t\t\t\t\t\t\t\t\t\t\t\t<h4 class=\"post_title\"><a href=\"https:\/\/3ndai.de\/en\/portfolio\/fiber-optic-network-references\/\">Fiber Optic Network References<\/a><\/h4>\n\t\t\t\t\t\t\t\n\t\t\t\t\t<div class=\"post_descr\">\n\t\t\t\t\t\t<p>3NDAI has a large suite of Fiber Optic Network Product and Applications as references (please click on the image to consult them)<\/p><a href=\"https:\/\/3ndai.de\/en\/portfolio\/fiber-optic-network-references\/\" class=\"post_readmore\"><span class=\"post_readmore_label\">...<\/span><\/a>\t\t\t\t\t<\/div>\n\n\t\t\t\t<\/div>\t\t\t\t<!-- \/.post_content -->\n\t\t\t<\/div>\t<!-- \/.post_item -->\n\t\t<\/div>\t\t\t\t\t\t<!-- \/.isotope_item -->\n\t\t\t\t<div class=\"isotope_item isotope_item_masonry isotope_item_masonry_3 isotope_column_3\">\n\t\t\t<div class=\"post_item post_item_masonry post_item_masonry_3\t\t\t\t  post_format_standard odd last\">\n\t\t\t\t\n\t\t\t\t\t\t\t\t\t<div class=\"post_featured\">\n\t\t\t\t\t\t\t\t\t\t\t\t<div class=\"post_thumb\" data-image=\"https:\/\/3ndai.de\/wp-content\/uploads\/2015\/09\/DynasticNET-e1679765369462.png\" data-title=\"KI-L\u00f6sungen\">\n\t\t\t\t\t\t<a class=\"hover_icon hover_icon_link\" href=\"https:\/\/3ndai.de\/en\/portfolio\/ai-solutions\/\"><img decoding=\"async\" class=\"wp-post-image\" width=\"390\" alt=\"KI-L\u00f6sungen\" src=\"https:\/\/3ndai.de\/wp-content\/uploads\/2015\/09\/DynasticNET-e1679765369462-390x191.png\"><\/a>\t\t\t\t\t\t<\/div>\n\t\t\t\t\t\t\t\t\t\t\t<\/div>\n\t\t\t\t\n\t\t\t\t<div class=\"post_content isotope_item_content\">\n\t\t\t\t\t\n\t\t\t\t\t\t\t\t\t\t\t\t<h4 class=\"post_title\"><a href=\"https:\/\/3ndai.de\/en\/portfolio\/ai-solutions\/\">AI Solution<\/a><\/h4>\n\t\t\t\t\t\t\t\n\t\t\t\t\t<div class=\"post_descr\">\n\t\t\t\t\t\t<p>Our R&amp;D outcomes are for deployment of full protocol stack Cellular Vehicle-to-Everything (C-V2X) communication and localization in automated driving<\/p><a href=\"https:\/\/3ndai.de\/en\/portfolio\/ai-solutions\/\" class=\"post_readmore\"><span class=\"post_readmore_label\">...<\/span><\/a>\t\t\t\t\t<\/div>\n\n\t\t\t\t<\/div>\t\t\t\t<!-- \/.post_content -->\n\t\t\t<\/div>\t<!-- \/.post_item -->\n\t\t<\/div>\t\t\t\t\t\t<!-- \/.isotope_item -->\n\t\t<\/div><\/div><div class=\"vc_empty_space\"   style=\"height: 3.0714em\"><span class=\"vc_empty_space_inner\"><\/span><\/div><\/div><\/div><\/div><\/div>\n<\/section>","protected":false},"excerpt":{"rendered":"F\u00e4higkeiten Konfiguration f\u00fcr autonomes Fahren, Sensorfusion, Ortung, Bereitstellung und Fahrtests Vollst\u00e4ndige Software f\u00fcr autonomes Fahren von der physikalischen Ebene bis zur Anwendung Tiefgehendes Fachwissen aus dem akademischen Bereich Erfahrung Erfolgreicher [...]","protected":false},"author":1,"featured_media":0,"parent":0,"menu_order":0,"comment_status":"open","ping_status":"open","template":"","meta":{"_monsterinsights_skip_tracking":false,"_monsterinsights_sitenote_active":false,"_monsterinsights_sitenote_note":"","_monsterinsights_sitenote_category":0,"footnotes":""},"_links":{"self":[{"href":"https:\/\/3ndai.de\/en\/wp-json\/wp\/v2\/pages\/970"}],"collection":[{"href":"https:\/\/3ndai.de\/en\/wp-json\/wp\/v2\/pages"}],"about":[{"href":"https:\/\/3ndai.de\/en\/wp-json\/wp\/v2\/types\/page"}],"author":[{"embeddable":true,"href":"https:\/\/3ndai.de\/en\/wp-json\/wp\/v2\/users\/1"}],"replies":[{"embeddable":true,"href":"https:\/\/3ndai.de\/en\/wp-json\/wp\/v2\/comments?post=970"}],"version-history":[{"count":41,"href":"https:\/\/3ndai.de\/en\/wp-json\/wp\/v2\/pages\/970\/revisions"}],"predecessor-version":[{"id":2616,"href":"https:\/\/3ndai.de\/en\/wp-json\/wp\/v2\/pages\/970\/revisions\/2616"}],"wp:attachment":[{"href":"https:\/\/3ndai.de\/en\/wp-json\/wp\/v2\/media?parent=970"}],"curies":[{"name":"wp","href":"https:\/\/api.w.org\/{rel}","templated":true}]}}